{"id":423,"date":"2024-05-15T07:22:32","date_gmt":"2024-05-15T07:22:32","guid":{"rendered":"https:\/\/epsiloncentre.com\/perque-epsilon\/"},"modified":"2024-05-31T09:41:13","modified_gmt":"2024-05-31T09:41:13","slug":"perque-epsilon","status":"publish","type":"page","link":"https:\/\/epsiloncentre.com\/ca\/perque-epsilon\/","title":{"rendered":"Perqu\u00e8 Epsilon?"},"content":{"rendered":"<p>[et_pb_section fb_built=&#8221;1&#8243; admin_label=&#8221;Header&#8221; _builder_version=&#8221;4.16&#8243; _module_preset=&#8221;default&#8221; use_background_color_gradient=&#8221;on&#8221; background_color_gradient_direction=&#8221;90deg&#8221; background_color_gradient_stops=&#8221;#ffffff 60%|#4c594c 60%&#8221; background_color_gradient_start=&#8221;#ffffff&#8221; background_color_gradient_start_position=&#8221;60%&#8221; background_color_gradient_end=&#8221;#4c594c&#8221; background_color_gradient_end_position=&#8221;60%&#8221; background_last_edited=&#8221;on|tablet&#8221; background_color_gradient_stops_tablet=&#8221;#ffffff 95%|#4c594c 95%&#8221; background_color_gradient_start_position_tablet=&#8221;95%&#8221; background_color_gradient_end_position_tablet=&#8221;95%&#8221; global_colors_info=&#8221;{}&#8221;][et_pb_row _builder_version=&#8221;4.25.1&#8243; _module_preset=&#8221;default&#8221; custom_padding=&#8221;||0px|||&#8221; global_colors_info=&#8221;{}&#8221;][et_pb_column type=&#8221;4_4&#8243; _builder_version=&#8221;4.16&#8243; _module_preset=&#8221;default&#8221; global_colors_info=&#8221;{}&#8221;][et_pb_text _builder_version=&#8221;4.16&#8243; _module_preset=&#8221;e598b17a-9229-42f6-b238-019d6094332e&#8221; header_font=&#8221;Outfit|600|||||||&#8221; header_text_color=&#8221;#000000&#8243; header_font_size=&#8221;72px&#8221; header_line_height=&#8221;1.1em&#8221; custom_margin=&#8221;||0px||false|false&#8221; header_font_size_tablet=&#8221;40px&#8221; header_font_size_phone=&#8221;24px&#8221; header_font_size_last_edited=&#8221;on|phone&#8221; locked=&#8221;off&#8221; global_colors_info=&#8221;{}&#8221;]<\/p>\n<h1><span>PERQU\u00c8 EPSILON?<\/span><\/h1>\n<p>[\/et_pb_text][et_pb_divider color=&#8221;rgba(76,89,76,0.3)&#8221; divider_weight=&#8221;10px&#8221; _builder_version=&#8221;4.16&#8243; _module_preset=&#8221;a9fcc5b1-74c5-43b4-b776-3e310da5f3e8&#8243; z_index=&#8221;10&#8243; max_width=&#8221;260px&#8221; height=&#8221;10px&#8221; custom_margin=&#8221;-32px||30px||false|false&#8221; custom_margin_tablet=&#8221;-27px||||false|false&#8221; custom_margin_phone=&#8221;-18px||||false|false&#8221; custom_margin_last_edited=&#8221;on|phone&#8221; global_colors_info=&#8221;{}&#8221;][\/et_pb_divider][\/et_pb_column][\/et_pb_row][et_pb_row column_structure=&#8221;1_2,1_2&#8243; _builder_version=&#8221;4.25.1&#8243; _module_preset=&#8221;default&#8221; custom_padding=&#8221;0px|||||&#8221; global_colors_info=&#8221;{}&#8221;][et_pb_column type=&#8221;1_2&#8243; _builder_version=&#8221;4.25.1&#8243; _module_preset=&#8221;default&#8221; global_colors_info=&#8221;{}&#8221;][et_pb_heading title=&#8221;TENIM EL DESPATX QUE NECESSITES!&#8221; _builder_version=&#8221;4.25.1&#8243; _module_preset=&#8221;default&#8221; title_font=&#8221;Outfit||||||||&#8221; title_text_align=&#8221;center&#8221; title_font_size=&#8221;38px&#8221; custom_margin=&#8221;10%||||false|false&#8221; animation_style=&#8221;fade&#8221; animation_duration=&#8221;1650ms&#8221; title_text_shadow_style=&#8221;preset1&#8243; global_colors_info=&#8221;{}&#8221;][\/et_pb_heading][\/et_pb_column][et_pb_column type=&#8221;1_2&#8243; _builder_version=&#8221;4.16&#8243; _module_preset=&#8221;default&#8221; global_colors_info=&#8221;{}&#8221;][et_pb_image src=&#8221;https:\/\/epsiloncentre.com\/wp-content\/uploads\/2024\/05\/Despatx-doble_02.jpg&#8221; title_text=&#8221;Despatx doble_02&#8243; _builder_version=&#8221;4.25.1&#8243; _module_preset=&#8221;default&#8221; width=&#8221;85%&#8221; box_shadow_style=&#8221;preset2&#8243; box_shadow_color=&#8221;rgba(0,0,0,0.15)&#8221; global_colors_info=&#8221;{}&#8221;][\/et_pb_image][\/et_pb_column][\/et_pb_row][\/et_pb_section][et_pb_section fb_built=&#8221;1&#8243; _builder_version=&#8221;4.25.1&#8243; _module_preset=&#8221;default&#8221; custom_padding=&#8221;7px||0px|||&#8221; global_colors_info=&#8221;{}&#8221;][et_pb_row _builder_version=&#8221;4.25.1&#8243; _module_preset=&#8221;default&#8221; global_colors_info=&#8221;{}&#8221;][et_pb_column type=&#8221;4_4&#8243; _builder_version=&#8221;4.25.1&#8243; _module_preset=&#8221;default&#8221; global_colors_info=&#8221;{}&#8221;][et_pb_heading title=&#8221;Optimitza els costos compartint els recursos per\u00f2 sense renunciar a la teva privacitat&#8221; _builder_version=&#8221;4.25.1&#8243; _module_preset=&#8221;default&#8221; title_font=&#8221;Outfit|||on|||||&#8221; title_text_align=&#8221;center&#8221; title_font_size=&#8221;39px&#8221; global_colors_info=&#8221;{}&#8221;][\/et_pb_heading][\/et_pb_column][\/et_pb_row][\/et_pb_section][et_pb_section fb_built=&#8221;1&#8243; admin_label=&#8221;Stats&#8221; _builder_version=&#8221;4.16&#8243; _module_preset=&#8221;default&#8221; global_colors_info=&#8221;{}&#8221;][et_pb_row column_structure=&#8221;2_3,1_3&#8243; _builder_version=&#8221;4.16&#8243; _module_preset=&#8221;default&#8221; global_colors_info=&#8221;{}&#8221;][et_pb_column type=&#8221;2_3&#8243; _builder_version=&#8221;4.16&#8243; _module_preset=&#8221;default&#8221; global_colors_info=&#8221;{}&#8221;][et_pb_blurb title=&#8221;No continu\u00efs compartint les conversacions telef\u00f2niques amb persones externes al teu negoci.&#8221; use_icon=&#8221;on&#8221; font_icon=&#8221;&#x4e;||divi||400&#8243; icon_color=&#8221;#000000&#8243; icon_placement=&#8221;left&#8221; image_icon_width=&#8221;32px&#8221; content_max_width=&#8221;100%&#8221; image_icon_width_tablet=&#8221;32px&#8221; image_icon_width_phone=&#8221;32px&#8221; image_icon_width_last_edited=&#8221;on|desktop&#8221; _builder_version=&#8221;4.16&#8243; _module_preset=&#8221;bbd70754-49fa-4988-ad64-9765b3b8d0fe&#8221; header_font=&#8221;Outfit|700|||||||&#8221; header_text_color=&#8221;#000000&#8243; header_line_height=&#8221;1.8em&#8221; custom_margin=&#8221;||10px||false|false&#8221; global_colors_info=&#8221;{}&#8221;][\/et_pb_blurb][et_pb_blurb title=&#8221;No continu\u00efs perdent la concentraci\u00f3 per culpa d&#039;altres persones a casa o al teu coworking actual&#8221; use_icon=&#8221;on&#8221; font_icon=&#8221;&#x4e;||divi||400&#8243; icon_color=&#8221;#000000&#8243; icon_placement=&#8221;left&#8221; image_icon_width=&#8221;32px&#8221; content_max_width=&#8221;100%&#8221; image_icon_width_tablet=&#8221;32px&#8221; image_icon_width_phone=&#8221;32px&#8221; image_icon_width_last_edited=&#8221;on|desktop&#8221; _builder_version=&#8221;4.16&#8243; _module_preset=&#8221;bbd70754-49fa-4988-ad64-9765b3b8d0fe&#8221; header_font=&#8221;Outfit|700|||||||&#8221; header_text_color=&#8221;#000000&#8243; header_line_height=&#8221;1.8em&#8221; custom_margin=&#8221;||10px||false|false&#8221; global_colors_info=&#8221;{}&#8221;][\/et_pb_blurb][et_pb_blurb title=&#8221;No continu\u00efs patint per la cust\u00f2dia i protecci\u00f3 de les dades que tractes en el teu dia a dia laboral&#8221; use_icon=&#8221;on&#8221; font_icon=&#8221;&#x4e;||divi||400&#8243; icon_color=&#8221;#000000&#8243; icon_placement=&#8221;left&#8221; image_icon_width=&#8221;32px&#8221; content_max_width=&#8221;100%&#8221; image_icon_width_tablet=&#8221;32px&#8221; image_icon_width_phone=&#8221;32px&#8221; image_icon_width_last_edited=&#8221;on|desktop&#8221; _builder_version=&#8221;4.16&#8243; _module_preset=&#8221;bbd70754-49fa-4988-ad64-9765b3b8d0fe&#8221; header_font=&#8221;Outfit|700|||||||&#8221; header_text_color=&#8221;#000000&#8243; header_line_height=&#8221;1.8em&#8221; custom_margin=&#8221;||10px||false|false&#8221; global_colors_info=&#8221;{}&#8221;][\/et_pb_blurb][et_pb_blurb title=&#8221;No continu\u00efs sentint vulnerada la teva privacitat a la feina&#8221; use_icon=&#8221;on&#8221; font_icon=&#8221;&#x4e;||divi||400&#8243; icon_color=&#8221;#000000&#8243; icon_placement=&#8221;left&#8221; image_icon_width=&#8221;32px&#8221; content_max_width=&#8221;100%&#8221; image_icon_width_tablet=&#8221;32px&#8221; image_icon_width_phone=&#8221;32px&#8221; image_icon_width_last_edited=&#8221;on|desktop&#8221; _builder_version=&#8221;4.25.1&#8243; _module_preset=&#8221;bbd70754-49fa-4988-ad64-9765b3b8d0fe&#8221; header_font=&#8221;Outfit|700|||||||&#8221; header_text_color=&#8221;#000000&#8243; header_line_height=&#8221;1.8em&#8221; custom_margin=&#8221;||10px||false|false&#8221; header_font_size_tablet=&#8221;17px&#8221; header_font_size_phone=&#8221;16px&#8221; header_font_size_last_edited=&#8221;on|desktop&#8221; global_colors_info=&#8221;{}&#8221;][\/et_pb_blurb][\/et_pb_column][et_pb_column type=&#8221;1_3&#8243; _builder_version=&#8221;4.16&#8243; _module_preset=&#8221;default&#8221; global_colors_info=&#8221;{}&#8221;][et_pb_image src=&#8221;https:\/\/epsiloncentre.com\/wp-content\/uploads\/2024\/05\/IMG_8937-scaled.jpg&#8221; title_text=&#8221;IMG_8937&#8243; _builder_version=&#8221;4.25.1&#8243; _module_preset=&#8221;default&#8221; width=&#8221;84%&#8221; hover_enabled=&#8221;0&#8243; box_shadow_style=&#8221;preset2&#8243; global_colors_info=&#8221;{}&#8221; sticky_enabled=&#8221;0&#8243;][\/et_pb_image][\/et_pb_column][\/et_pb_row][et_pb_row _builder_version=&#8221;4.25.1&#8243; _module_preset=&#8221;default&#8221; global_colors_info=&#8221;{}&#8221;][et_pb_column type=&#8221;4_4&#8243; _builder_version=&#8221;4.25.1&#8243; _module_preset=&#8221;default&#8221; global_colors_info=&#8221;{}&#8221;][et_pb_heading title=&#8221;Som especialistes en oferir-te despatxos \u00fas exclusiu privats per a tu, amb experi\u00e8ncia de m\u00e9s de 20 anys.&#8221; _builder_version=&#8221;4.25.1&#8243; _module_preset=&#8221;default&#8221; title_font=&#8221;Outfit||on||||||&#8221; title_text_align=&#8221;center&#8221; animation_style=&#8221;zoom&#8221; global_colors_info=&#8221;{}&#8221;][\/et_pb_heading][\/et_pb_column][\/et_pb_row][\/et_pb_section][et_pb_section fb_built=&#8221;1&#8243; admin_label=&#8221;Call to Action&#8221; _builder_version=&#8221;4.16&#8243; _module_preset=&#8221;default&#8221; custom_padding=&#8221;0px||0px||false|false&#8221; saved_tabs=&#8221;all&#8221; locked=&#8221;off&#8221; global_colors_info=&#8221;{}&#8221;][et_pb_row custom_padding_last_edited=&#8221;on|phone&#8221; _builder_version=&#8221;4.16&#8243; _module_preset=&#8221;default&#8221; background_color=&#8221;#4C594C&#8221; custom_padding=&#8221;48px|60px|48px|60px|true|true&#8221; custom_padding_tablet=&#8221;60px||60px||true|false&#8221; custom_padding_phone=&#8221;40px||40px|20px|true|false&#8221; box_shadow_style=&#8221;preset4&#8243; box_shadow_horizontal=&#8221;300px&#8221; box_shadow_vertical=&#8221;0px&#8221; box_shadow_color=&#8221;#4C594C&#8221; global_colors_info=&#8221;{}&#8221;][et_pb_column type=&#8221;4_4&#8243; _builder_version=&#8221;4.16&#8243; _module_preset=&#8221;default&#8221; global_colors_info=&#8221;{}&#8221;][et_pb_text _builder_version=&#8221;4.16&#8243; _module_preset=&#8221;53fac924-1644-4f70-a8a0-435df3cf1c52&#8243; header_font=&#8221;Outfit|600|||||||&#8221; header_text_align=&#8221;center&#8221; header_text_color=&#8221;#FFFFFF&#8221; header_font_size=&#8221;90px&#8221; header_line_height=&#8221;1.1em&#8221; header_font_size_tablet=&#8221;50px&#8221; header_font_size_phone=&#8221;24px&#8221; header_font_size_last_edited=&#8221;on|phone&#8221; locked=&#8221;off&#8221; global_colors_info=&#8221;{}&#8221;]<\/p>\n<h1>PREUS DESDE 230\u20ac<\/h1>\n<p>[\/et_pb_text][\/et_pb_column][\/et_pb_row][\/et_pb_section]<\/p>\n","protected":false},"excerpt":{"rendered":"<p>PERQU\u00c8 EPSILON?PREUS DESDE 230\u20ac<\/p>\n","protected":false},"author":1,"featured_media":0,"parent":0,"menu_order":0,"comment_status":"closed","ping_status":"closed","template":"","meta":{"_et_pb_use_builder":"on","_et_pb_old_content":"","_et_gb_content_width":"","footnotes":""},"class_list":["post-423","page","type-page","status-publish","hentry"],"_links":{"self":[{"href":"https:\/\/epsiloncentre.com\/ca\/wp-json\/wp\/v2\/pages\/423","targetHints":{"allow":["GET"]}}],"collection":[{"href":"https:\/\/epsiloncentre.com\/ca\/wp-json\/wp\/v2\/pages"}],"about":[{"href":"https:\/\/epsiloncentre.com\/ca\/wp-json\/wp\/v2\/types\/page"}],"author":[{"embeddable":true,"href":"https:\/\/epsiloncentre.com\/ca\/wp-json\/wp\/v2\/users\/1"}],"replies":[{"embeddable":true,"href":"https:\/\/epsiloncentre.com\/ca\/wp-json\/wp\/v2\/comments?post=423"}],"version-history":[{"count":2,"href":"https:\/\/epsiloncentre.com\/ca\/wp-json\/wp\/v2\/pages\/423\/revisions"}],"predecessor-version":[{"id":425,"href":"https:\/\/epsiloncentre.com\/ca\/wp-json\/wp\/v2\/pages\/423\/revisions\/425"}],"wp:attachment":[{"href":"https:\/\/epsiloncentre.com\/ca\/wp-json\/wp\/v2\/media?parent=423"}],"curies":[{"name":"wp","href":"https:\/\/api.w.org\/{rel}","templated":true}]}}