{"id":408,"date":"2024-05-14T06:52:36","date_gmt":"2024-05-14T06:52:36","guid":{"rendered":"https:\/\/epsiloncentre.com\/?page_id=408"},"modified":"2025-03-12T10:51:25","modified_gmt":"2025-03-12T10:51:25","slug":"politica-de-privacitat","status":"publish","type":"page","link":"https:\/\/epsiloncentre.com\/ca\/politica-de-privacitat\/","title":{"rendered":"Pol\u00edtica de privacitat"},"content":{"rendered":"<h2 class=\"wp-block-heading\">Qui som<\/h2>\n<p><strong class=\"privacy-policy-tutorial\">Text suggerit: L&#8217;adre\u00e7a de la nostra p\u00e0gina web \u00e9s: https:\/\/epsiloncentre.com\/home\/epsiloncentre.com\/public_html.<\/strong><\/p>\n<h2 class=\"wp-block-heading\">Comentaris<\/h2>\n<p><strong class=\"privacy-policy-tutorial\">Text suggerit: quan els visitants deixen comentaris al lloc, recollim les dades que es mostren al formulari de comentaris, i tamb\u00e9 l&#8217;adre\u00e7a IP del visitant i la cadena d&#8217;agent d&#8217;usuari del navegador per ajudar a la detecci\u00f3 de correu brossa.<\/strong><\/p>\n<p>Es pot proporcionar una cadena an\u00f2nima creada a partir de la vostra adre\u00e7a de correu electr\u00f2nic (tamb\u00e9 anomenada hash) al servei Gravatar per veure si l&#8217;est\u00e0s utilitzant. La pol\u00edtica de privacitat del servei Gravatar est\u00e0 disponible aqu\u00ed: https:\/\/automattic.com\/privacy\/. Despr\u00e9s de l&#8217;aprovaci\u00f3 del teu comentari, la teva foto de perfil sera visible per al p\u00fablic en el context del teu comentari.<\/p>\n<h2 class=\"wp-block-heading\">Mitjans<\/h2>\n<p><strong class=\"privacy-policy-tutorial\">Text suggerit: si pengeu imatges al lloc web, haur\u00edeu d&#8217;evitar penjar imatges amb dades d&#8217;ubicaci\u00f3 incrustades (EXIF GPS) incloses.<\/strong> Els visitants del lloc web poden descarregar i extreure qualsevol dada d&#8217;ubicaci\u00f3 de les imatges del lloc web.<\/p>\n<h2 class=\"wp-block-heading\">Galetes<\/h2>\n<p><strong class=\"privacy-policy-tutorial\">Text suggerit: Si deixeu un comentari al nostre lloc, podeu optar per desar el vostre nom, adre\u00e7a de correu electr\u00f2nic i lloc web a les galetes.<\/strong> Aquestes s\u00f3n per a la teva comoditat perqu\u00e8 no hagis d&#8217;omplir les teves dades de nou quan deixis un altre comentari. Aquestes galetes duraran un any.<\/p>\n<p>Si visiteu la nostra p\u00e0gina d&#8217;inici de sessi\u00f3, establirem una galeta temporal per determinar si el vostre navegador accepta cookies. Aquesta galeta no cont\u00e9 dades personals i es descarta quan tanqueu el navegador.<\/p>\n<p>Quan inicieu sessi\u00f3, tamb\u00e9 configurarem diverses galetes per desar la vostra informaci\u00f3 d&#8217;inici de sessi\u00f3 i les vostres opcions de visualitzaci\u00f3 de la pantalla. Les galetes d&#8217;inici de sessi\u00f3 duren dos dies i les d&#8217;opcions de pantalla un any. Si seleccioneu &#8220;Recorda&#8217;m&#8221;, el vostre inici de sessi\u00f3 es mantindr\u00e0 durant dues setmanes. Si tanqueu la sessi\u00f3 del vostre compte, les galetes d&#8217;inici de sessi\u00f3 s&#8217;eliminaran.<\/p>\n<p>Si editeu o publiqueu un article, es desar\u00e0 una galeta addicional al vostre navegador. Aquesta galeta no inclou dades personals i simplement indica l&#8217;ID de publicaci\u00f3 de l&#8217;article que acabeu d&#8217;editar. Caduca al cap d&#8217;1 dia.<\/p>\n<h2 class=\"wp-block-heading\">Contingut incrustat d&#8217;altres llocs web<\/h2>\n<p><strong class=\"privacy-policy-tutorial\">Text suggerit: els articles d&#8217;aquest lloc poden incloure contingut incrustat (per exemple, v\u00eddeos, imatges, articles, etc.).<\/strong> El contingut incrustat d&#8217;altres llocs web es comporta exactament de la mateixa manera que si el visitant hagu\u00e9s visitat l&#8217;altre lloc web.<\/p>\n<p>Aquests llocs web poden recopilar dades sobre tu, utilitzar galetes, incrustar un seguiment addicional de tercers i supervisar la teva interacci\u00f3 amb aquest contingut incrustat, incl\u00f2s el seguiment de la teva interacci\u00f3 amb el contingut incrustat si tens un compte i est\u00e0s connectat a aquest lloc web.<\/p>\n<h2 class=\"wp-block-heading\">Amb qui compartim les teves dades<\/h2>\n<p><strong class=\"privacy-policy-tutorial\">Text suggerit: si sol\u00b7liciteu un restabliment de la contrasenya, la vostra adre\u00e7a IP s&#8217;inclour\u00e0 al correu electr\u00f2nic de restabliment.<\/strong><\/p>\n<h2 class=\"wp-block-heading\">Quant de temps conservem les vostres dades<\/h2>\n<p><strong class=\"privacy-policy-tutorial\">Text suggerit: si deixeu un comentari, el comentari i les seves metadades es conserven indefinidament.<\/strong> Aix\u00f2 \u00e9s perqu\u00e8 puguem recon\u00e8ixer i aprovar qualsevol comentari de seguiment autom\u00e0ticament en lloc de mantenir-los en una cua de moderaci\u00f3.<\/p>\n<p>Per als usuaris que es registren al nostre lloc web (si n&#8217;hi ha), tamb\u00e9 emmagatzemem la informaci\u00f3 personal que proporcionen al seu perfil d&#8217;usuari. Tots els usuaris poden veure, editar o suprimir la seva informaci\u00f3 personal en qualsevol moment (excepte que no poden canviar el seu nom d&#8217;usuari). Els administradors del lloc web tamb\u00e9 poden veure i editar aquesta informaci\u00f3.<\/p>\n<h2 class=\"wp-block-heading\">Quins drets tens sobre les teves dades<\/h2>\n<p><strong class=\"privacy-policy-tutorial\">Text suggerit: si teniu un compte en aquest lloc o heu deixat comentaris, podeu sol\u00b7licitar rebre un fitxer exportat de les dades personals que tenim sobre vosaltres, incloses les dades que ens h\u00e0giu proporcionat.<\/strong> Tamb\u00e9 podeu sol\u00b7licitar que esborrem les dades personals que tenim sobre vosaltres. Aix\u00f2 no inclou cap dada que estem obligats a conservar amb finalitats administratives, legals o de seguretat.<\/p>\n<h2 class=\"wp-block-heading\">On s&#8217;envien les teves dades<\/h2>\n<p><strong class=\"privacy-policy-tutorial\">Text suggerit: els comentaris dels visitants es poden comprovar mitjan\u00e7ant un servei automatitzat de detecci\u00f3 de correu brossa.<\/strong><\/p>\n","protected":false},"excerpt":{"rendered":"<p>Qui som Text suggerit: L&#8217;adre\u00e7a de la nostra p\u00e0gina web \u00e9s: https:\/\/epsiloncentre.com\/home\/epsiloncentre.com\/public_html. Comentaris Text suggerit: quan els visitants deixen comentaris al lloc, recollim les dades que es mostren al formulari de comentaris, i tamb\u00e9 l&#8217;adre\u00e7a IP del visitant i la cadena d&#8217;agent d&#8217;usuari del navegador per ajudar a la detecci\u00f3 de correu brossa. Es pot [&hellip;]<\/p>\n","protected":false},"author":1,"featured_media":0,"parent":0,"menu_order":0,"comment_status":"closed","ping_status":"closed","template":"","meta":{"_et_pb_use_builder":"on","_et_pb_old_content":"","_et_gb_content_width":"","footnotes":""},"class_list":["post-408","page","type-page","status-publish","hentry"],"_links":{"self":[{"href":"https:\/\/epsiloncentre.com\/ca\/wp-json\/wp\/v2\/pages\/408","targetHints":{"allow":["GET"]}}],"collection":[{"href":"https:\/\/epsiloncentre.com\/ca\/wp-json\/wp\/v2\/pages"}],"about":[{"href":"https:\/\/epsiloncentre.com\/ca\/wp-json\/wp\/v2\/types\/page"}],"author":[{"embeddable":true,"href":"https:\/\/epsiloncentre.com\/ca\/wp-json\/wp\/v2\/users\/1"}],"replies":[{"embeddable":true,"href":"https:\/\/epsiloncentre.com\/ca\/wp-json\/wp\/v2\/comments?post=408"}],"version-history":[{"count":2,"href":"https:\/\/epsiloncentre.com\/ca\/wp-json\/wp\/v2\/pages\/408\/revisions"}],"predecessor-version":[{"id":471,"href":"https:\/\/epsiloncentre.com\/ca\/wp-json\/wp\/v2\/pages\/408\/revisions\/471"}],"wp:attachment":[{"href":"https:\/\/epsiloncentre.com\/ca\/wp-json\/wp\/v2\/media?parent=408"}],"curies":[{"name":"wp","href":"https:\/\/api.w.org\/{rel}","templated":true}]}}